{"id":776,"date":"2021-06-24T10:49:42","date_gmt":"2021-06-24T08:49:42","guid":{"rendered":"https:\/\/dev.yoho.pl\/krzysiek-pomaga\/?page_id=776"},"modified":"2021-06-24T10:54:35","modified_gmt":"2021-06-24T08:54:35","slug":"2019-rok","status":"publish","type":"page","link":"https:\/\/dev.yoho.pl\/krzysiek-pomaga\/stowarzyszenie\/napisali-o-nas\/2019-rok\/","title":{"rendered":"2019 rok"},"content":{"rendered":"\n<h2 class=\"wp-block-heading\"><span class=\"subheading\">napisali o nas<\/span><\/h2>\n\n\n\n<div class=\"wp-block-group\"><div class=\"wp-block-group__inner-container is-layout-flow wp-block-group-is-layout-flow\">\n<h1 class=\"subheader__heading wp-block-heading\">2019 rok<\/h1>\n\n\n\n<p><a href=\"https:\/\/krakow.tvp.pl\/40602599\/bieg-sylwestrowy-i-slalom-gigant-w-ramach-akcji-krzysiek-pomaga-pomagac?fbclid=IwAR2JaVsTmrc0obexxQ5SG-Ff5WnbjcMkFygTgUvroKDyTFxmiyUYH4bSyEM\">https:\/\/krakow.tvp.pl\/40602599\/bieg-sylwestrowy-i-slalom-gigant-w-ramach-akcji-krzysiek-pomaga-pomagac?fbclid=IwAR2JaVsTmrc0obexxQ5SG-Ff5WnbjcMkFygTgUvroKDyTFxmiyUYH4bSyEM<\/a><\/p>\n\n\n\n<p><a href=\"https:\/\/sport.interia.pl\/lekkoatletyka\/news-krakowski-bieg-sylwestrowy-krzys-graczyk-biegnie-dla-kacpra-,nId,2757485\">https:\/\/sport.interia.pl\/lekkoatletyka\/news-krakowski-bieg-sylwestrowy-krzys-graczyk-biegnie-dla-kacpra-,nId,2757485<\/a><\/p>\n\n\n\n<p><a href=\"https:\/\/plus.gazetakrakowska.pl\/kacper-przegral-los-na-genetycznej-loterii-ale-nadzieja-umiera-ostatnia\/ar\/13852712\">https:\/\/plus.gazetakrakowska.pl\/kacper-przegral-los-na-genetycznej-loterii-ale-nadzieja-umiera-ostatnia\/ar\/13852712<\/a><\/p>\n\n\n\n<p><a href=\"https:\/\/sport.interia.pl\/inne\/news-krzysiek-pomaga-pomagac-w-krakowie-zagraja-dla-kacpra,nId,2836119\">https:\/\/sport.interia.pl\/inne\/news-krzysiek-pomaga-pomagac-w-krakowie-zagraja-dla-kacpra,nId,2836119<\/a><\/p>\n\n\n\n<p><a href=\"https:\/\/www.radiokrakow.pl\/nasze-akcje\/fragment-narty-kamila-stocha-do-wylicytowania-w-radiu-krakow-wlacz-sie-i-pomoz\/\">https:\/\/www.radiokrakow.pl\/nasze-akcje\/fragment-narty-kamila-stocha-do-wylicytowania-w-radiu-krakow-wlacz-sie-i-pomoz\/<\/a><\/p>\n\n\n\n<div style=\"height:30px\" aria-hidden=\"true\" class=\"wp-block-spacer\"><\/div>\n<\/div><\/div>\n\n\n\n<figure class=\"wp-block-embed is-type-video is-provider-youtube wp-block-embed-youtube beneficiary__video wp-embed-aspect-16-9 wp-has-aspect-ratio\"><div class=\"wp-block-embed__wrapper\">\n<iframe loading=\"lazy\" title=\"Kacper i Krzysiek: dwie historie i cz\u0119\u015b\u0107 wsp\u00f3lna\" width=\"500\" height=\"281\" src=\"https:\/\/www.youtube.com\/embed\/fxt1o536_5Y?feature=oembed\" frameborder=\"0\" allow=\"accelerometer; autoplay; clipboard-write; encrypted-media; gyroscope; picture-in-picture; web-share\" referrerpolicy=\"strict-origin-when-cross-origin\" allowfullscreen><\/iframe>\n<\/div><\/figure>\n","protected":false},"excerpt":{"rendered":"<p>napisali o nas 2019 rok https:\/\/krakow.tvp.pl\/40602599\/bieg-sylwestrowy-i-slalom-gigant-w-ramach-akcji-krzysiek-pomaga-pomagac?fbclid=IwAR2JaVsTmrc0obexxQ5SG-Ff5WnbjcMkFygTgUvroKDyTFxmiyUYH4bSyEM https:\/\/sport.interia.pl\/lekkoatletyka\/news-krakowski-bieg-sylwestrowy-krzys-graczyk-biegnie-dla-kacpra-,nId,2757485 https:\/\/plus.gazetakrakowska.pl\/kacper-przegral-los-na-genetycznej-loterii-ale-nadzieja-umiera-ostatnia\/ar\/13852712 https:\/\/sport.interia.pl\/inne\/news-krzysiek-pomaga-pomagac-w-krakowie-zagraja-dla-kacpra,nId,2836119 https:\/\/www.radiokrakow.pl\/nasze-akcje\/fragment-narty-kamila-stocha-do-wylicytowania-w-radiu-krakow-wlacz-sie-i-pomoz\/<\/p>\n","protected":false},"author":1,"featured_media":0,"parent":524,"menu_order":11,"comment_status":"closed","ping_status":"closed","template":"templates\/with-margin.php","meta":{"_acf_changed":false,"footnotes":""},"class_list":["post-776","page","type-page","status-publish","hentry"],"acf":[],"_links":{"self":[{"href":"https:\/\/dev.yoho.pl\/krzysiek-pomaga\/wp-json\/wp\/v2\/pages\/776","targetHints":{"allow":["GET"]}}],"collection":[{"href":"https:\/\/dev.yoho.pl\/krzysiek-pomaga\/wp-json\/wp\/v2\/pages"}],"about":[{"href":"https:\/\/dev.yoho.pl\/krzysiek-pomaga\/wp-json\/wp\/v2\/types\/page"}],"author":[{"embeddable":true,"href":"https:\/\/dev.yoho.pl\/krzysiek-pomaga\/wp-json\/wp\/v2\/users\/1"}],"replies":[{"embeddable":true,"href":"https:\/\/dev.yoho.pl\/krzysiek-pomaga\/wp-json\/wp\/v2\/comments?post=776"}],"version-history":[{"count":12,"href":"https:\/\/dev.yoho.pl\/krzysiek-pomaga\/wp-json\/wp\/v2\/pages\/776\/revisions"}],"predecessor-version":[{"id":5731,"href":"https:\/\/dev.yoho.pl\/krzysiek-pomaga\/wp-json\/wp\/v2\/pages\/776\/revisions\/5731"}],"up":[{"embeddable":true,"href":"https:\/\/dev.yoho.pl\/krzysiek-pomaga\/wp-json\/wp\/v2\/pages\/524"}],"wp:attachment":[{"href":"https:\/\/dev.yoho.pl\/krzysiek-pomaga\/wp-json\/wp\/v2\/media?parent=776"}],"curies":[{"name":"wp","href":"https:\/\/api.w.org\/{rel}","templated":true}]}}