{"id":5718,"date":"2025-02-15T12:26:36","date_gmt":"2025-02-15T11:26:36","guid":{"rendered":"https:\/\/dev.yoho.pl\/krzysiek-pomaga\/?page_id=5718"},"modified":"2025-02-15T12:26:36","modified_gmt":"2025-02-15T11:26:36","slug":"2025-rok","status":"publish","type":"page","link":"https:\/\/dev.yoho.pl\/krzysiek-pomaga\/stowarzyszenie\/napisali-o-nas\/2025-rok\/","title":{"rendered":"2025 rok"},"content":{"rendered":"\n<h2 class=\"wp-block-heading\"><span class=\"subheading\">napisali o nas<\/span><\/h2>\n\n\n\n<div class=\"wp-block-group\"><div class=\"wp-block-group__inner-container is-layout-flow wp-block-group-is-layout-flow\">\n<h1 class=\"wp-block-heading subheader__heading\">2025 rok pomagamy Gabrielowi i Jakubowi<\/h1>\n\n\n\n<ul class=\"wp-block-list\">\n<li><strong>Radio Krak\u00f3w <\/strong>[rozmowa z Stanis\u0142awem Kwieci\u0144skim]:<br><a href=\"https:\/\/www.radiokrakow.pl\/aktualnosci\/sport\/krzysiek-pomaga-pomagaca-staszek-wspiera\/\">https:\/\/www.radiokrakow.pl\/aktualnosci\/sport\/krzysiek-pomaga-pomagaca-staszek-wspiera\/<\/a><br><\/li>\n\n\n\n<li><strong>Radio Krak\u00f3w <\/strong>[Reporta\u017c z J\u00f3zefem Kasprzyckim i Krystyn\u0105 Czerni]:<br><\/li>\n\n\n\n<li><\/li>\n<\/ul>\n<\/div><\/div>\n\n\n\n<p><\/p>\n","protected":false},"excerpt":{"rendered":"<p>napisali o nas 2025 rok pomagamy Gabrielowi i Jakubowi<\/p>\n","protected":false},"author":38,"featured_media":0,"parent":524,"menu_order":6,"comment_status":"closed","ping_status":"closed","template":"templates\/with-margin.php","meta":{"_acf_changed":false,"footnotes":""},"class_list":["post-5718","page","type-page","status-publish","hentry"],"acf":[],"_links":{"self":[{"href":"https:\/\/dev.yoho.pl\/krzysiek-pomaga\/wp-json\/wp\/v2\/pages\/5718","targetHints":{"allow":["GET"]}}],"collection":[{"href":"https:\/\/dev.yoho.pl\/krzysiek-pomaga\/wp-json\/wp\/v2\/pages"}],"about":[{"href":"https:\/\/dev.yoho.pl\/krzysiek-pomaga\/wp-json\/wp\/v2\/types\/page"}],"author":[{"embeddable":true,"href":"https:\/\/dev.yoho.pl\/krzysiek-pomaga\/wp-json\/wp\/v2\/users\/38"}],"replies":[{"embeddable":true,"href":"https:\/\/dev.yoho.pl\/krzysiek-pomaga\/wp-json\/wp\/v2\/comments?post=5718"}],"version-history":[{"count":1,"href":"https:\/\/dev.yoho.pl\/krzysiek-pomaga\/wp-json\/wp\/v2\/pages\/5718\/revisions"}],"predecessor-version":[{"id":5719,"href":"https:\/\/dev.yoho.pl\/krzysiek-pomaga\/wp-json\/wp\/v2\/pages\/5718\/revisions\/5719"}],"up":[{"embeddable":true,"href":"https:\/\/dev.yoho.pl\/krzysiek-pomaga\/wp-json\/wp\/v2\/pages\/524"}],"wp:attachment":[{"href":"https:\/\/dev.yoho.pl\/krzysiek-pomaga\/wp-json\/wp\/v2\/media?parent=5718"}],"curies":[{"name":"wp","href":"https:\/\/api.w.org\/{rel}","templated":true}]}}