{"id":5699,"date":"2025-02-15T11:26:29","date_gmt":"2025-02-15T10:26:29","guid":{"rendered":"https:\/\/dev.yoho.pl\/krzysiek-pomaga\/?page_id=5699"},"modified":"2025-02-15T11:26:29","modified_gmt":"2025-02-15T10:26:29","slug":"2022-rok","status":"publish","type":"page","link":"https:\/\/dev.yoho.pl\/krzysiek-pomaga\/stowarzyszenie\/napisali-o-nas\/2022-rok\/","title":{"rendered":"2022 rok"},"content":{"rendered":"\n<h2 class=\"wp-block-heading\"><span class=\"subheading\">napisali o nas<\/span><\/h2>\n\n\n\n<div class=\"wp-block-group\"><div class=\"wp-block-group__inner-container is-layout-flow wp-block-group-is-layout-flow\">\n<h1 class=\"wp-block-heading subheader__heading\">2022 rok<\/h1>\n\n\n\n<ul class=\"wp-block-list\">\n<li><strong>2022 <\/strong>&#8211; <strong>TVP <\/strong>reporta\u017c w re\u017c. Wald. Wi\u015bniewskiego o Krzysiu i Stowarzyszeniu KPP:<br>\u00a0<br><a href=\"https:\/\/lodz.tvp.pl\/59736407\/pracownia-reportazu-21042022?fbclid=IwZXh0bgNhZW0CMTAAAR2W5AfS9jefRVKYSjFQmfJzO53F16lwQ6VFOI_U6PHYyMq2mzkIKAyK3JE_aem_vV69Vp-A2r8ZB7A9n6J0vg#sent\/_blank\">https:\/\/lodz.tvp.pl\/59736407\/pracownia-reportazu-21042022<\/a><\/li>\n<\/ul>\n<\/div><\/div>\n\n\n\n<p><\/p>\n","protected":false},"excerpt":{"rendered":"<p>napisali o nas 2022 rok<\/p>\n","protected":false},"author":38,"featured_media":0,"parent":524,"menu_order":8,"comment_status":"closed","ping_status":"closed","template":"templates\/with-margin.php","meta":{"_acf_changed":false,"footnotes":""},"class_list":["post-5699","page","type-page","status-publish","hentry"],"acf":[],"_links":{"self":[{"href":"https:\/\/dev.yoho.pl\/krzysiek-pomaga\/wp-json\/wp\/v2\/pages\/5699","targetHints":{"allow":["GET"]}}],"collection":[{"href":"https:\/\/dev.yoho.pl\/krzysiek-pomaga\/wp-json\/wp\/v2\/pages"}],"about":[{"href":"https:\/\/dev.yoho.pl\/krzysiek-pomaga\/wp-json\/wp\/v2\/types\/page"}],"author":[{"embeddable":true,"href":"https:\/\/dev.yoho.pl\/krzysiek-pomaga\/wp-json\/wp\/v2\/users\/38"}],"replies":[{"embeddable":true,"href":"https:\/\/dev.yoho.pl\/krzysiek-pomaga\/wp-json\/wp\/v2\/comments?post=5699"}],"version-history":[{"count":1,"href":"https:\/\/dev.yoho.pl\/krzysiek-pomaga\/wp-json\/wp\/v2\/pages\/5699\/revisions"}],"predecessor-version":[{"id":5700,"href":"https:\/\/dev.yoho.pl\/krzysiek-pomaga\/wp-json\/wp\/v2\/pages\/5699\/revisions\/5700"}],"up":[{"embeddable":true,"href":"https:\/\/dev.yoho.pl\/krzysiek-pomaga\/wp-json\/wp\/v2\/pages\/524"}],"wp:attachment":[{"href":"https:\/\/dev.yoho.pl\/krzysiek-pomaga\/wp-json\/wp\/v2\/media?parent=5699"}],"curies":[{"name":"wp","href":"https:\/\/api.w.org\/{rel}","templated":true}]}}