{"id":527,"date":"2021-06-14T16:49:05","date_gmt":"2021-06-14T14:49:05","guid":{"rendered":"https:\/\/dev.yoho.pl\/krzysiek-pomaga\/?page_id=527"},"modified":"2021-07-06T15:27:44","modified_gmt":"2021-07-06T13:27:44","slug":"sulejman","status":"publish","type":"page","link":"https:\/\/dev.yoho.pl\/krzysiek-pomaga\/dzialalnosc\/sulejman\/","title":{"rendered":"Sulejman"},"content":{"rendered":"\n<div class=\"wp-block-group subheader\"><div class=\"wp-block-group__inner-container is-layout-flow wp-block-group-is-layout-flow\">\n<div class=\"wp-block-columns wrapper subheader__wrapper is-layout-flex wp-container-core-columns-is-layout-9d6595d7 wp-block-columns-is-layout-flex\">\n<div class=\"wp-block-column subheader__content is-layout-flow wp-block-column-is-layout-flow\">\n<h2 class=\"subheader__subheading wp-block-heading\"><span class=\"subheading\">CH\u0141OPIEC, KT\u00d3RY CHCIA\u0141BY SKO\u0143CZY\u0106 SZKO\u0141\u0118<\/span><\/h2>\n\n\n\n<div class=\"wp-block-group\"><div class=\"wp-block-group__inner-container is-layout-flow wp-block-group-is-layout-flow\">\n<h1 class=\"subheader__heading wp-block-heading\">Sulejman<\/h1>\n<\/div><\/div>\n\n\n\n<p class=\"subheader__pharagraph\"><strong>Nasi znajomi pracuj\u0105cy w Kenii i prowadz\u0105cy tam dzia\u0142alno\u015b\u0107 charytatywn\u0105 (finansowe wspieranie edukacji kenijskich dzieci) poprosili nas, wiosn\u0105 2017 r. o pomoc.<\/strong><\/p>\n\n\n\n<p><\/p>\n\n\n\n<p class=\"subheader__pharagraph\"><br>Kenia jest jednym z biedniejszych kraj\u00f3w \u015bwiata (w r. 2018 jej PKB wynosi\u0142 ok. 3.700 ID <em>per capita<\/em>, dla por\u00f3wnania Polska w tym samym roku: ok. 32.000 ID). Ta r\u00f3\u017cnica zamo\u017cno\u015bci i r\u00f3\u017cnica si\u0142y nabywczej sprawiaj\u0105, \u017ce \u2013 z perspektywy polskiej \u2013 mo\u017cna stosunkowo ma\u0142ym wysi\u0142kiem finansowym nie\u015b\u0107 relatywnie du\u017c\u0105 pomoc.<\/p>\n\n\n\n<p class=\"subheader__pharagraph\"><br>Nasi przyjaciele, monitoruj\u0105c sytuacj\u0119 na miejscu, obja\u015bnili nam, na czym polega trudno\u015b\u0107 w wyborze dziecka, kt\u00f3remu chcia\u0142oby si\u0119 pom\u00f3c: takich dzieci jest ogromna ilo\u015b\u0107. St\u0105d oni sk\u0142aniaj\u0105 si\u0119 do wyboru dzieci zarazem uzdolnionych i takich, kt\u00f3rych rodzic\u00f3w nie sta\u0107 na op\u0142acenie ich edukacji. Mimo to, zawsze wyborowi towarzyszy wahanie.<\/p>\n\n\n\n<p class=\"subheader__pharagraph\"><br><strong>Oto fragment listu, jaki dostali\u015bmy od Magdaleny Chy\u0142ek:<\/strong> <em>Niemal w ka\u017cdym domu, w jakim bywa\u0142am, mieszka\u0142o dziecko w tragicznej sytuacji finansowej. Cz\u0119sto by\u0142y to sieroty lub dzieci, kt\u00f3rych rodzice nie maj\u0105 \u017cadnego dochodu. Mog\u0119 wi\u0119c przedstawi\u0107 Pa\u0144stwu wiele takich dzieci. Beveline i Suleiman s\u0105 jednak obecnie na czele mojej listy potrzebuj\u0105cych.<\/em><\/p>\n\n\n\n<p class=\"subheader__pharagraph\"><br>O Beveline Magdalena Chy\u0142ek pisa\u0142a: \u2013 <em>[\u2026] dziewczynka jest w III klasie. Urodzi\u0142a si\u0119 i mieszka w slumsie Korogocho. Jest praktycznie sierot\u0105 &#8211; jej matka zostawi\u0142a j\u0105 pewnego dnia u s\u0105siad\u00f3w i cho\u0107 prawdopodobnie jest w Nairobi, to od kilku lat nie widzia\u0142a i nie interesuje si\u0119 dzieckiem. Koszty nauki Bevenline s\u0105 relatywnie niewielkie, bo chodzi do szko\u0142y misyjnej i wynosz\u0105 ok. 500 z\u0142 za ca\u0142y rok nauki (!) wliczaj\u0105c w to koszt mundurka. Jej nauka do grudnia 2017 zosta\u0142a ju\u017c op\u0142acona<\/em>.<\/p>\n<\/div>\n\n\n\n<div class=\"wp-block-column subheader__images is-layout-flow wp-block-column-is-layout-flow\">\n<figure class=\"wp-block-image size-large subheader__image-big\"><img loading=\"lazy\" decoding=\"async\" width=\"960\" height=\"960\" src=\"https:\/\/dev.yoho.pl\/krzysiek-pomaga\/wp-content\/uploads\/2021\/07\/KPP_Sulejman_1.jpg\" alt=\"\" class=\"wp-image-2040\" srcset=\"https:\/\/dev.yoho.pl\/krzysiek-pomaga\/wp-content\/uploads\/2021\/07\/KPP_Sulejman_1.jpg 960w, https:\/\/dev.yoho.pl\/krzysiek-pomaga\/wp-content\/uploads\/2021\/07\/KPP_Sulejman_1-300x300.jpg 300w, https:\/\/dev.yoho.pl\/krzysiek-pomaga\/wp-content\/uploads\/2021\/07\/KPP_Sulejman_1-150x150.jpg 150w, https:\/\/dev.yoho.pl\/krzysiek-pomaga\/wp-content\/uploads\/2021\/07\/KPP_Sulejman_1-768x768.jpg 768w\" sizes=\"auto, (max-width: 960px) 100vw, 960px\" \/><\/figure>\n\n\n\n<div class=\"wp-block-columns subheader__images-bottom is-layout-flex wp-container-core-columns-is-layout-9d6595d7 wp-block-columns-is-layout-flex\">\n<div class=\"wp-block-column is-layout-flow wp-block-column-is-layout-flow\">\n<figure class=\"wp-block-image size-large\"><img loading=\"lazy\" decoding=\"async\" width=\"960\" height=\"960\" src=\"https:\/\/dev.yoho.pl\/krzysiek-pomaga\/wp-content\/uploads\/2021\/07\/KPP_Sulejman_v2.jpg\" alt=\"\" class=\"wp-image-2045\" srcset=\"https:\/\/dev.yoho.pl\/krzysiek-pomaga\/wp-content\/uploads\/2021\/07\/KPP_Sulejman_v2.jpg 960w, https:\/\/dev.yoho.pl\/krzysiek-pomaga\/wp-content\/uploads\/2021\/07\/KPP_Sulejman_v2-300x300.jpg 300w, https:\/\/dev.yoho.pl\/krzysiek-pomaga\/wp-content\/uploads\/2021\/07\/KPP_Sulejman_v2-150x150.jpg 150w, https:\/\/dev.yoho.pl\/krzysiek-pomaga\/wp-content\/uploads\/2021\/07\/KPP_Sulejman_v2-768x768.jpg 768w\" sizes=\"auto, (max-width: 960px) 100vw, 960px\" \/><\/figure>\n<\/div>\n\n\n\n<div class=\"wp-block-column is-layout-flow wp-block-column-is-layout-flow\">\n<figure class=\"wp-block-image size-large\"><img loading=\"lazy\" decoding=\"async\" width=\"960\" height=\"960\" src=\"https:\/\/dev.yoho.pl\/krzysiek-pomaga\/wp-content\/uploads\/2021\/07\/KPP_Sulejman_v3.jpg\" alt=\"\" class=\"wp-image-2044\" srcset=\"https:\/\/dev.yoho.pl\/krzysiek-pomaga\/wp-content\/uploads\/2021\/07\/KPP_Sulejman_v3.jpg 960w, https:\/\/dev.yoho.pl\/krzysiek-pomaga\/wp-content\/uploads\/2021\/07\/KPP_Sulejman_v3-300x300.jpg 300w, https:\/\/dev.yoho.pl\/krzysiek-pomaga\/wp-content\/uploads\/2021\/07\/KPP_Sulejman_v3-150x150.jpg 150w, https:\/\/dev.yoho.pl\/krzysiek-pomaga\/wp-content\/uploads\/2021\/07\/KPP_Sulejman_v3-768x768.jpg 768w\" sizes=\"auto, (max-width: 960px) 100vw, 960px\" \/><\/figure>\n<\/div>\n<\/div>\n<\/div>\n<\/div>\n<\/div><\/div>\n\n\n\n<div class=\"wp-block-yoho-wrapper bg__gray\">\n<div class=\"wp-block-group wrapper\"><div class=\"wp-block-group__inner-container is-layout-flow wp-block-group-is-layout-flow\">\n<p class=\"subheader__pharagraph\"><strong>Za\u015b o Sulejmanie:<\/strong>&nbsp; <em>[\u2026] chodzi do III klasy i jest z Kibery. Mieszka\u0142am z jego rodzin\u0105 wszystkie swoje pobyty w tym slumsie. Jest bardzo zdolnym ch\u0142opcem. Ucz\u0119szcza do szko\u0142y, kt\u00f3r\u0105 wybra\u0142am razem z jego rodzicami po dok\u0142adnym zapoznaniu si\u0119 z ofert\u0105 szk\u00f3\u0142 niedaleko jego miejsca zamieszkania. O dobrym poziomie nauczania \u015bwiadczy cho\u0107by fakt, \u017ce ch\u0142opiec ju\u017c bardzo dobrze m\u00f3wi po angielsku. Roczny koszt jego nauki to ok. 1.600z\u0142. Aby uko\u0144czy\u0142 ten rok nauki brakuje ok 600 z\u0142. Rodzina Suleimana nie jest najbiedniejsz\u0105 rodzin\u0105, z jak\u0105 mia\u0142am kontakt. Nie jest jednak na tyle ustabilizowana finansowo, aby m\u00f3c op\u0142aca\u0107 szko\u0142\u0119. Jego mama ma prac\u0119, tata pracuje od czasu do czasu. Ma starszego brata i ch\u0142opcy nigdy nie chodz\u0105 g\u0142odni czy brudni. Szukam jednak sponsor\u00f3w w\u0142a\u015bnie dla tego ch\u0142opca, poniewa\u017c jego rodzina przygarnia i wychowuje r\u00f3wnie\u017c inne dzieci i cz\u0119sto pomaga potrzebuj\u0105cym. Podczas jednego z moich pobyt\u00f3w krewni Suleimana znale\u017ali niemowl\u0119 na wysypisku \u015bmieci i uratowali je. W tej chwili ch\u0142opiec chodzi ju\u017c do szko\u0142y i mieszka z babci\u0105 Suleimana (jego szko\u0142a r\u00f3wnie\u017c jest p\u0142atna). Podczas jednego z moich pobyt\u00f3w w Kiberze, rodzina Suleimana przygarn\u0119\u0142a dziewczynk\u0119, kiedy jej mama z powodu braku \u015brodk\u00f3w nie by\u0142a w stanie si\u0119 ni\u0105 zajmowa\u0107 (op\u0142aca\u0142a jej w\u00f3wczas zer\u00f3wk\u0119). W tym roku mama Suleimana przygarn\u0119\u0142a (na sta\u0142e) niemowl\u0119 &#8211; dziewczynk\u0119, kt\u00f3r\u0105 matka chcia\u0142a zabi\u0107 po urodzeniu (wcze\u015bniej<\/em> <em>pr\u00f3bowa\u0142a przeprowadzi\u0107 na sobie zabieg aborcji). Przesy\u0142am zdj\u0119cia Suleimana oraz jego nowej siostry w za\u0142\u0105czniku. Za\u0142\u0105czam r\u00f3wnie\u017c zdj\u0119cie raportu semestralnego ze szko\u0142y, na kt\u00f3rym wida\u0107 oceny (punktacj\u0119) zdobyte przez Suleimana z poszczeg\u00f3lnych przedmiot\u00f3w. Zale\u017cy mi na wspieraniu tej rodziny, poniewa\u017c jest to inwestycja w pewn\u0105 grup\u0119 dzieci. Kiedy rodzice Suleimana mieli pieni\u0105dze, aby wysy\u0142a\u0107 do go szko\u0142y, to zarabiaj\u0105c pieni\u0105dze obejmowali opiek\u0105 i pomoc\u0105 inne dzieci, kt\u00f3re cz\u0119sto by\u0142y na granicy \u015bmierci.<\/em><\/p>\n\n\n\n<p class=\"subheader__pharagraph\"><br><strong>Wybrali\u015bmy Sulejmana. W jego przypadku koszty nauki s\u0105 wy\u017csze, ni\u017c w przypadku Beveline, ale i tak pierwsza kwota, jak\u0105 przekazali\u015bmy na jego rzecz, starczy\u0142a z naddatkiem: skorzysta\u0142y z niej jeszcze inne dzieci. Nasz pierwszy przelew, w 2017 r., wynosi\u0142 1.700 PLN.<\/strong><\/p>\n\n\n\n<p class=\"subheader__pharagraph\"><br>Po roku nasi przyjaciele Z Kenii zapytali nas, czy mo\u017cemy kontynuowa\u0107 pomoc. Tym razem nadwy\u017cka ponad kwot\u0119 potrzebn\u0105 dla Sulejmana zosta\u0142a wykorzystana do naprawy latryn w jego szkole. Magdalena Chy\u0142ek pis\u0142a na ten temat: <em>[\u2026]wszystko czym zajmuje si\u0119 Watu Kwa Watu <\/em>[organizacja charytatywna]<em> jest bardzo wa\u017cne &#8211; wspomagaj\u0105 szko\u0142y wyj\u0105tkowo biedne w slumsach i na wsiach, gdzie np. brak toalet mo\u017ce mie\u0107 wp\u0142yw na ucz\u0119szczanie dzieci do szko\u0142y ( badania etnograficzne wskaza\u0142y np. \u017ce dziewczynki, kt\u00f3re rozpocz\u0119\u0142y menstruacj\u0119, przestawa\u0142y chodzi\u0107 do szko\u0142y, poniewa\u017c nie by\u0142o w nich zaplecza sanitarnego), r\u00f3wnocze\u015bnie opiekuj\u0105 si\u0119 (szukaj\u0105 sponsor\u00f3w, kt\u00f3rzy op\u0142ac\u0105 szko\u0142\u0119) du\u017c\u0105 grup\u0105 sierot w bardzo trudnej sytuacji finansowej<\/em><strong>. Drugi, tej samej wysoko\u015bci przelew zrealizowali\u015bmy w 2018 r. Wkr\u00f3tce dostali\u015bmy z Kenii informacj\u0119, \u017ce prace remontowe trwaj\u0105.<\/strong><\/p>\n\n\n\n<p class=\"subheader__pharagraph\"><br>Na pocz\u0105tku 2019 r. Magdalena Chy\u0142ek pisa\u0142a: <em>Sytuacja jego <\/em>[Sulejmana]<em>&nbsp;rodziny dzi\u0119ki Pa\u0144stwa pomocy powoli si\u0119 stabilizuje. Jego mama wzi\u0119\u0142a pod opiek\u0119 ma\u0142\u0105 dziewczynk\u0119, kt\u00f3ra zosta\u0142a podrzucona pod drzwi ich domu. Jej rodzice s\u0105 nieznani, a mama Suleimana zdecydowa\u0142a si\u0119 j\u0105 wychowa\u0107 aby nie trafi\u0142a do domu dziecka lub dos\u0142ownie \u201ena ulic\u0119\u201d. To ju\u017c kolejne uratowane przez t\u0119 rodzin\u0119 dziecko. <\/em><strong>Po raz trzeci przelali\u015bmy pieni\u0105dze (tak\u017ce 1.700 PLN) na pocz\u0105tku 2020 r. \u2013 refinansowali\u015bmy tym razem pe\u0142ne koszta nauki szkolnej Sulejmana za 2019 r.<\/strong><\/p>\n<\/div><\/div>\n<\/div>\n","protected":false},"excerpt":{"rendered":"<p>CH\u0141OPIEC, KT\u00d3RY CHCIA\u0141BY SKO\u0143CZY\u0106 SZKO\u0141\u0118 Sulejman Nasi znajomi pracuj\u0105cy w Kenii i prowadz\u0105cy tam dzia\u0142alno\u015b\u0107 charytatywn\u0105 (finansowe wspieranie edukacji kenijskich dzieci) poprosili nas, wiosn\u0105 2017 r. o pomoc. Kenia jest jednym z biedniejszych kraj\u00f3w \u015bwiata (w r. 2018 jej PKB wynosi\u0142 ok. 3.700 ID per capita, dla por\u00f3wnania Polska w tym samym roku: ok. 32.000 [&hellip;]<\/p>\n","protected":false},"author":1,"featured_media":0,"parent":29,"menu_order":26,"comment_status":"closed","ping_status":"closed","template":"","meta":{"_acf_changed":false,"footnotes":""},"class_list":["post-527","page","type-page","status-publish","hentry"],"acf":[],"_links":{"self":[{"href":"https:\/\/dev.yoho.pl\/krzysiek-pomaga\/wp-json\/wp\/v2\/pages\/527","targetHints":{"allow":["GET"]}}],"collection":[{"href":"https:\/\/dev.yoho.pl\/krzysiek-pomaga\/wp-json\/wp\/v2\/pages"}],"about":[{"href":"https:\/\/dev.yoho.pl\/krzysiek-pomaga\/wp-json\/wp\/v2\/types\/page"}],"author":[{"embeddable":true,"href":"https:\/\/dev.yoho.pl\/krzysiek-pomaga\/wp-json\/wp\/v2\/users\/1"}],"replies":[{"embeddable":true,"href":"https:\/\/dev.yoho.pl\/krzysiek-pomaga\/wp-json\/wp\/v2\/comments?post=527"}],"version-history":[{"count":64,"href":"https:\/\/dev.yoho.pl\/krzysiek-pomaga\/wp-json\/wp\/v2\/pages\/527\/revisions"}],"predecessor-version":[{"id":2333,"href":"https:\/\/dev.yoho.pl\/krzysiek-pomaga\/wp-json\/wp\/v2\/pages\/527\/revisions\/2333"}],"up":[{"embeddable":true,"href":"https:\/\/dev.yoho.pl\/krzysiek-pomaga\/wp-json\/wp\/v2\/pages\/29"}],"wp:attachment":[{"href":"https:\/\/dev.yoho.pl\/krzysiek-pomaga\/wp-json\/wp\/v2\/media?parent=527"}],"curies":[{"name":"wp","href":"https:\/\/api.w.org\/{rel}","templated":true}]}}