{"id":524,"date":"2021-06-14T16:46:56","date_gmt":"2021-06-14T14:46:56","guid":{"rendered":"https:\/\/dev.yoho.pl\/krzysiek-pomaga\/?page_id=524"},"modified":"2025-02-16T19:32:25","modified_gmt":"2025-02-16T18:32:25","slug":"napisali-o-nas","status":"publish","type":"page","link":"https:\/\/dev.yoho.pl\/krzysiek-pomaga\/stowarzyszenie\/napisali-o-nas\/","title":{"rendered":"Napisali o nas"},"content":{"rendered":"\n<h2 class=\"wp-block-heading\"><span class=\"subheading\">prasa<\/span><\/h2>\n\n\n\n<div class=\"wp-block-group\"><div class=\"wp-block-group__inner-container is-layout-flow wp-block-group-is-layout-flow\">\n<h1 class=\"wp-block-heading subheader__heading\">Napisali o nas<\/h1>\n\n\n\n<p>Dzia\u0142amy ju\u017c od 2013 roku. Przez ten czas dorobili\u015bmy si\u0119 paru setek artyku\u0142\u00f3w, notatek, wywiad\u00f3w audio i video, reporta\u017cy prasowych i telewizyjnych&#8230; Czytanie\/ s\u0142uchanie\/ ogl\u0105danie ich wszystkich mog\u0142oby by\u0107 nu\u017c\u0105ce, wi\u0119c do tego nie zach\u0119camy, chocia\u017c w\u015br\u00f3d tej masy materia\u0142\u00f3w s\u0105 prawdziwe pere\u0142ki \u2013 jakie, tego nie chcemy arbitralnie rozstrzyga\u0107. Dla nas jednak ta dokumentacja jest jak rodzinne bibeloty: maj\u0105 warto\u015b\u0107&nbsp; sentymentaln\u0105, bo ka\u017cda z jej cz\u0119\u015bci sk\u0142adowych przywo\u0142uje walk\u0119 \u201enaszych ch\u0142opak\u00f3w\u201d&nbsp; &#8211; Darka, Paw\u0142a, Grzesia i wszystkich pozosta\u0142ych oraz patrona tych zmaga\u0144, Krzysia, o lepsze, bardziej godne \u017cycie.<\/p>\n\n\n\n<div style=\"height:30px\" aria-hidden=\"true\" class=\"wp-block-spacer\"><\/div>\n\n\n\n<div class=\"wp-block-buttons is-layout-flex wp-block-buttons-is-layout-flex\">\n<div class=\"wp-block-button\"><a class=\"wp-block-button__link has-black-color has-text-color wp-element-button\" href=\"https:\/\/dev.yoho.pl\/krzysiek-pomaga\/stowarzyszenie\/napisali-o-nas\/2025-rok\/\">2025 rok<\/a><\/div>\n<\/div>\n\n\n\n<div style=\"height:20px\" aria-hidden=\"true\" class=\"wp-block-spacer\"><\/div>\n\n\n\n<div class=\"wp-block-buttons is-layout-flex wp-block-buttons-is-layout-flex\">\n<div class=\"wp-block-button\"><a class=\"wp-block-button__link has-black-color has-text-color wp-element-button\" href=\"https:\/\/dev.yoho.pl\/krzysiek-pomaga\/stowarzyszenie\/napisali-o-nas\/2024-rok\/\">2024 rok<\/a><\/div>\n<\/div>\n\n\n\n<div style=\"height:20px\" aria-hidden=\"true\" class=\"wp-block-spacer\"><\/div>\n\n\n\n<div class=\"wp-block-buttons is-layout-flex wp-block-buttons-is-layout-flex\">\n<div class=\"wp-block-button\"><a class=\"wp-block-button__link has-black-color has-text-color wp-element-button\" href=\"https:\/\/dev.yoho.pl\/krzysiek-pomaga\/stowarzyszenie\/napisali-o-nas\/2023-rok\/\">2023 rok<\/a><\/div>\n<\/div>\n\n\n\n<div style=\"height:20px\" aria-hidden=\"true\" class=\"wp-block-spacer\"><\/div>\n\n\n\n<div class=\"wp-block-buttons is-layout-flex wp-block-buttons-is-layout-flex\">\n<div class=\"wp-block-button\"><a class=\"wp-block-button__link has-black-color has-text-color wp-element-button\" href=\"https:\/\/dev.yoho.pl\/krzysiek-pomaga\/stowarzyszenie\/napisali-o-nas\/2022-rok\/\">2022 rok<\/a><\/div>\n<\/div>\n\n\n\n<div style=\"height:20px\" aria-hidden=\"true\" class=\"wp-block-spacer\"><\/div>\n\n\n\n<div class=\"wp-block-buttons is-layout-flex wp-block-buttons-is-layout-flex\">\n<div class=\"wp-block-button\"><a class=\"wp-block-button__link has-black-color has-text-color wp-element-button\" href=\"https:\/\/dev.yoho.pl\/krzysiek-pomaga\/2020-2021-rok\/\">2020 \/ 2021 rok<\/a><\/div>\n<\/div>\n\n\n\n<div style=\"height:20px\" aria-hidden=\"true\" class=\"wp-block-spacer\"><\/div>\n\n\n\n<div class=\"wp-block-buttons is-layout-flex wp-block-buttons-is-layout-flex\">\n<div class=\"wp-block-button\"><a class=\"wp-block-button__link has-black-color has-text-color wp-element-button\" href=\"https:\/\/dev.yoho.pl\/krzysiek-pomaga\/stowarzyszenie\/napisali-o-nas\/2019-rok\/\">2019 rok<\/a><\/div>\n<\/div>\n\n\n\n<div style=\"height:20px\" aria-hidden=\"true\" class=\"wp-block-spacer\"><\/div>\n\n\n\n<div class=\"wp-block-buttons is-layout-flex wp-block-buttons-is-layout-flex\">\n<div class=\"wp-block-button\"><a class=\"wp-block-button__link has-black-color has-text-color wp-element-button\" href=\"https:\/\/dev.yoho.pl\/krzysiek-pomaga\/stowarzyszenie\/napisali-o-nas\/2018-rok\/\">2018 rok<\/a><\/div>\n<\/div>\n\n\n\n<div class=\"wp-block-buttons is-layout-flex wp-block-buttons-is-layout-flex\">\n<div class=\"wp-block-button\"><a class=\"wp-block-button__link has-black-color has-text-color wp-element-button\" href=\"https:\/\/dev.yoho.pl\/krzysiek-pomaga\/stowarzyszenie\/napisali-o-nas\/2018-rok\/\">od pocz\u0105tku &#8211; 2017 roku<\/a><\/div>\n<\/div>\n<\/div><\/div>\n\n\n\n<div style=\"height:20px\" aria-hidden=\"true\" class=\"wp-block-spacer\"><\/div>\n","protected":false},"excerpt":{"rendered":"<p>prasa Napisali o nas Dzia\u0142amy ju\u017c od 2013 roku. Przez ten czas dorobili\u015bmy si\u0119 paru setek artyku\u0142\u00f3w, notatek, wywiad\u00f3w audio i video, reporta\u017cy prasowych i telewizyjnych&#8230; Czytanie\/ s\u0142uchanie\/ ogl\u0105danie ich wszystkich mog\u0142oby by\u0107 nu\u017c\u0105ce, wi\u0119c do tego nie zach\u0119camy, chocia\u017c w\u015br\u00f3d tej masy materia\u0142\u00f3w s\u0105 prawdziwe pere\u0142ki \u2013 jakie, tego nie chcemy arbitralnie rozstrzyga\u0107. Dla [&hellip;]<\/p>\n","protected":false},"author":1,"featured_media":0,"parent":36,"menu_order":22,"comment_status":"closed","ping_status":"closed","template":"templates\/with-margin.php","meta":{"_acf_changed":false,"footnotes":""},"class_list":["post-524","page","type-page","status-publish","hentry"],"acf":[],"_links":{"self":[{"href":"https:\/\/dev.yoho.pl\/krzysiek-pomaga\/wp-json\/wp\/v2\/pages\/524","targetHints":{"allow":["GET"]}}],"collection":[{"href":"https:\/\/dev.yoho.pl\/krzysiek-pomaga\/wp-json\/wp\/v2\/pages"}],"about":[{"href":"https:\/\/dev.yoho.pl\/krzysiek-pomaga\/wp-json\/wp\/v2\/types\/page"}],"author":[{"embeddable":true,"href":"https:\/\/dev.yoho.pl\/krzysiek-pomaga\/wp-json\/wp\/v2\/users\/1"}],"replies":[{"embeddable":true,"href":"https:\/\/dev.yoho.pl\/krzysiek-pomaga\/wp-json\/wp\/v2\/comments?post=524"}],"version-history":[{"count":24,"href":"https:\/\/dev.yoho.pl\/krzysiek-pomaga\/wp-json\/wp\/v2\/pages\/524\/revisions"}],"predecessor-version":[{"id":5724,"href":"https:\/\/dev.yoho.pl\/krzysiek-pomaga\/wp-json\/wp\/v2\/pages\/524\/revisions\/5724"}],"up":[{"embeddable":true,"href":"https:\/\/dev.yoho.pl\/krzysiek-pomaga\/wp-json\/wp\/v2\/pages\/36"}],"wp:attachment":[{"href":"https:\/\/dev.yoho.pl\/krzysiek-pomaga\/wp-json\/wp\/v2\/media?parent=524"}],"curies":[{"name":"wp","href":"https:\/\/api.w.org\/{rel}","templated":true}]}}