{"id":3180,"date":"2022-02-01T12:11:22","date_gmt":"2022-02-01T11:11:22","guid":{"rendered":"https:\/\/dev.yoho.pl\/krzysiek-pomaga\/?page_id=3180"},"modified":"2025-11-25T13:25:27","modified_gmt":"2025-11-25T12:25:27","slug":"wspieram","status":"publish","type":"page","link":"https:\/\/dev.yoho.pl\/krzysiek-pomaga\/wspieram\/","title":{"rendered":"Wspieram"},"content":{"rendered":"\n<h1 class=\"has-text-align-center wp-block-heading\" id=\"wspieram\">Wspieram<\/h1>\n\n\n\n<div class=\"wpcf7 no-js\" id=\"wpcf7-f3189-o1\" lang=\"pl-PL\" dir=\"ltr\" data-wpcf7-id=\"3189\">\n<div class=\"screen-reader-response\"><p role=\"status\" aria-live=\"polite\" aria-atomic=\"true\"><\/p> <ul><\/ul><\/div>\n<form action=\"\/krzysiek-pomaga\/wp-json\/wp\/v2\/pages\/3180#wpcf7-f3189-o1\" method=\"post\" class=\"wpcf7-form init\" aria-label=\"Formularz kontaktowy\" novalidate=\"novalidate\" data-status=\"init\">\n<fieldset class=\"hidden-fields-container\"><input type=\"hidden\" name=\"_wpcf7\" value=\"3189\" \/><input type=\"hidden\" name=\"_wpcf7_version\" value=\"6.1.5\" \/><input type=\"hidden\" name=\"_wpcf7_locale\" value=\"pl_PL\" \/><input type=\"hidden\" name=\"_wpcf7_unit_tag\" value=\"wpcf7-f3189-o1\" \/><input type=\"hidden\" name=\"_wpcf7_container_post\" value=\"0\" \/><input type=\"hidden\" name=\"_wpcf7_posted_data_hash\" value=\"\" \/><input type=\"hidden\" name=\"_wpcf7cf_hidden_group_fields\" value=\"[]\" \/><input type=\"hidden\" name=\"_wpcf7cf_hidden_groups\" value=\"[]\" \/><input type=\"hidden\" name=\"_wpcf7cf_visible_groups\" value=\"[]\" \/><input type=\"hidden\" name=\"_wpcf7cf_repeaters\" value=\"[]\" \/><input type=\"hidden\" name=\"_wpcf7cf_steps\" value=\"{}\" \/><input type=\"hidden\" name=\"_wpcf7cf_options\" value=\"{&quot;form_id&quot;:3189,&quot;conditions&quot;:[{&quot;then_field&quot;:&quot;group-price-input&quot;,&quot;and_rules&quot;:[{&quot;if_field&quot;:&quot;price&quot;,&quot;operator&quot;:&quot;equals&quot;,&quot;if_value&quot;:&quot;W\\u0142asna kwota&quot;}]}],&quot;settings&quot;:{&quot;animation&quot;:&quot;yes&quot;,&quot;animation_intime&quot;:200,&quot;animation_outtime&quot;:200,&quot;conditions_ui&quot;:&quot;normal&quot;,&quot;notice_dismissed&quot;:false}}\" \/><input type=\"hidden\" name=\"_wpcf7_recaptcha_response\" value=\"\" \/>\n<\/fieldset>\n<div class=\"event-form\">\n    <div class=\"event-form__narrow-container\">\n\n        <div class=\"event-form__group mb-2\">\n            <div class=\"event-form__select event-form__prices\">\n                <p class=\"event-form__select-title\">Kwota<\/p>\n                <span class=\"wpcf7-form-control-wrap\" data-name=\"price\"><span class=\"wpcf7-form-control wpcf7-radio\"><span class=\"wpcf7-list-item first\"><label><input type=\"radio\" name=\"price\" value=\"100 z\u0142\" checked=\"checked\" \/><span class=\"wpcf7-list-item-label\">100 z\u0142<\/span><\/label><\/span><span class=\"wpcf7-list-item last\"><label><input type=\"radio\" name=\"price\" value=\"W\u0142asna kwota\" \/><span class=\"wpcf7-list-item-label\">W\u0142asna kwota<\/span><\/label><\/span><\/span><\/span>\n            <\/div>\n        <\/div>\n\n        <div data-id=\"group-price-input\" data-orig_data_id=\"group-price-input\"  class=\"\" data-class=\"wpcf7cf_group\">\n        <div>\n            <div class=\"event-form__group event-form__flex mb-3\">\n                <label class=\"form__label\">\n                    <span class=\"wpcf7-form-control-wrap\" data-name=\"price2\"><input size=\"40\" maxlength=\"400\" class=\"wpcf7-form-control wpcf7-text wpcf7-validates-as-required event-form__price2 event-form__field form__input\" aria-required=\"true\" aria-invalid=\"false\" placeholder=\"Wpisz\n                    kwot\u0119\" value=\"\" type=\"text\" name=\"price2\" \/><\/span>\n                <\/label>\n                <p class=\"event-form__description event-form__description--inline\">z\u0142<\/p>\n            <\/div>\n        <\/div>\n        <\/div>\n\n        <div class=\"event-form__grid\">\n            <label class=\"form__label\">\n                <span class=\"label-text\">Imi\u0119 <span class=\"required\">*<\/span><\/span>\n                <span class=\"wpcf7-form-control-wrap\" data-name=\"firstname\"><input size=\"40\" maxlength=\"400\" class=\"wpcf7-form-control wpcf7-text wpcf7-validates-as-required event-form__field form__input\" aria-required=\"true\" aria-invalid=\"false\" value=\"\" type=\"text\" name=\"firstname\" \/><\/span>\n            <\/label>\n            <label class=\"form__label\">\n                <span class=\"label-text\">Nazwisko <span class=\"required\">*<\/span><\/span>\n                <span class=\"wpcf7-form-control-wrap\" data-name=\"lastname\"><input size=\"40\" maxlength=\"400\" class=\"wpcf7-form-control wpcf7-text wpcf7-validates-as-required event-form__field form__input\" aria-required=\"true\" aria-invalid=\"false\" value=\"\" type=\"text\" name=\"lastname\" \/><\/span>\n            <\/label>\n            <label class=\"form__label\">\n                <span class=\"label-text\">Email <span class=\"required\">*<\/span><\/span>\n                <span class=\"wpcf7-form-control-wrap\" data-name=\"user-email\"><input size=\"40\" maxlength=\"400\" class=\"wpcf7-form-control wpcf7-email wpcf7-validates-as-required wpcf7-text wpcf7-validates-as-email event-form__field form__input\" aria-required=\"true\" aria-invalid=\"false\" value=\"\" type=\"email\" name=\"user-email\" \/><\/span>\n            <\/label>\n            <label class=\"form__label\">\n                <span class=\"label-text label-text--pl\">Telefon <span class=\"required\">*\n                    <\/span><\/span>\n                <span class=\"wpcf7-form-control-wrap user-phone\"><input class=\"wpcf7-form-control wpcf7-intl_tel wpcf7-validates-as-required wpcf7-intl-tel event-form__field form__input\" aria-required=\"true\" aria-invalid=\"false\" placeholder=\"&nbsp;\" data-initialcountry=\"pl\" value=\"\" type=\"tel\" name=\"user-phone-cf7it-national\" \/><input name=\"user-phone\" type=\"hidden\" class=\"wpcf7-intl-tel-full\" \/><input type=\"hidden\" name=\"user-phone-cf7it-country-name\" class=\"wpcf7-intl-tel-country-name\" \/><input type=\"hidden\" name=\"user-phone-cf7it-country-code\" class=\"wpcf7-intl-tel-country-code\" \/><input type=\"hidden\" name=\"user-phone-cf7it-country-iso2\" class=\"wpcf7-intl-tel-country-iso2\" \/><\/span>\n            <\/label>\n        <\/div>\n\n    <\/div>\n <span class=\"wpcf7-form-control-wrap\" data-name=\"rodo\"><span class=\"wpcf7-form-control wpcf7-acceptance\"><span class=\"wpcf7-list-item\"><label><input type=\"checkbox\" name=\"rodo\" value=\"1\" class=\"custom-acceptance\" aria-invalid=\"false\" \/><span class=\"wpcf7-list-item-label\"><span style=\"color:red;\">*<\/span>O\u015bwiadczam, \u017ce zapozna\u0142em\/am si\u0119 z <a\n                        href=\"https:\/\/dev.yoho.pl\/krzysiek-pomaga\/wp-content\/themes\/krzysiek-pomaga\/assets\/src\/RODO.pdf\"><b>Klauzul\u0105\n                            Informacyjn\u0105<\/b><\/a> dotycz\u0105c\u0105 ochrony gromadzonych danych osobowych (RODO).\n                    Wyra\u017cam zgod\u0119 na przetwarzanie przez\n                    administratora, Stowarzyszenie \u201eKrzysiek Pomaga Pomaga\u0107\u201d z siedzib\u0105 w \u015aciejowicach, wprowadzonych\n                    powy\u017cszych danych w celach prowadzonej dzia\u0142alno\u015bci statutowej.<\/span><\/label><\/span><\/span><\/span>\n\n<button type=\"submit\" class=\"btn event-form__btn\">Wy\u015blij zg\u0142oszenie<\/button>\n\n<\/div><div class=\"wpcf7-response-output\" aria-hidden=\"true\"><\/div>\n<\/form>\n<\/div>\n\n","protected":false},"excerpt":{"rendered":"<p>Wspieram<\/p>\n","protected":false},"author":1,"featured_media":0,"parent":0,"menu_order":4,"comment_status":"closed","ping_status":"closed","template":"templates\/support.php","meta":{"_acf_changed":false,"footnotes":""},"class_list":["post-3180","page","type-page","status-publish","hentry"],"acf":[],"_links":{"self":[{"href":"https:\/\/dev.yoho.pl\/krzysiek-pomaga\/wp-json\/wp\/v2\/pages\/3180","targetHints":{"allow":["GET"]}}],"collection":[{"href":"https:\/\/dev.yoho.pl\/krzysiek-pomaga\/wp-json\/wp\/v2\/pages"}],"about":[{"href":"https:\/\/dev.yoho.pl\/krzysiek-pomaga\/wp-json\/wp\/v2\/types\/page"}],"author":[{"embeddable":true,"href":"https:\/\/dev.yoho.pl\/krzysiek-pomaga\/wp-json\/wp\/v2\/users\/1"}],"replies":[{"embeddable":true,"href":"https:\/\/dev.yoho.pl\/krzysiek-pomaga\/wp-json\/wp\/v2\/comments?post=3180"}],"version-history":[{"count":8,"href":"https:\/\/dev.yoho.pl\/krzysiek-pomaga\/wp-json\/wp\/v2\/pages\/3180\/revisions"}],"predecessor-version":[{"id":6461,"href":"https:\/\/dev.yoho.pl\/krzysiek-pomaga\/wp-json\/wp\/v2\/pages\/3180\/revisions\/6461"}],"wp:attachment":[{"href":"https:\/\/dev.yoho.pl\/krzysiek-pomaga\/wp-json\/wp\/v2\/media?parent=3180"}],"curies":[{"name":"wp","href":"https:\/\/api.w.org\/{rel}","templated":true}]}}