{"id":31,"date":"2021-04-23T13:55:01","date_gmt":"2021-04-23T11:55:01","guid":{"rendered":"http:\/\/local.krzysiek-pomaga\/?page_id=31"},"modified":"2024-02-27T01:25:36","modified_gmt":"2024-02-27T00:25:36","slug":"kontakt","status":"publish","type":"page","link":"https:\/\/dev.yoho.pl\/krzysiek-pomaga\/kontakt\/","title":{"rendered":"Kontakt"},"content":{"rendered":"\n<div class=\"wp-block-group contact wrapper fade-in-bottom is-style-default\"><div class=\"wp-block-group__inner-container is-layout-flow wp-block-group-is-layout-flow\">\n<h1 class=\"has-text-align-center contact__heading wp-block-heading\" id=\"kontakt\">Kontakt<\/h1>\n\n\n\n<h2 class=\"has-text-align-center contact__subheading wp-block-heading\" id=\"stowarzyszenie-krzysiek-pomaga-pomagac\">Stowarzyszenie \u201eKrzysiek Pomaga Pomaga\u0107\u201d<\/h2>\n\n\n\n<div class=\"wp-block-columns is-layout-flex wp-container-core-columns-is-layout-9d6595d7 wp-block-columns-is-layout-flex\">\n<div class=\"wp-block-column is-layout-flow wp-block-column-is-layout-flow\">\n<p class=\"contact__text\">\u015aciejowice 176, Liszki 32-060<br>tel. 502 715 979<br><a href=\"mailto:krzysiek@dev.yoho.pl\">krzysiek@dev.yoho.pl<\/a><\/p>\n<\/div>\n\n\n\n<div class=\"wp-block-column is-layout-flow wp-block-column-is-layout-flow\">\n<p class=\"contact__text\">KRS: 0000 499 667<br>REGON: 360090688<br>NIP: 944-224-75-70<\/p>\n<\/div>\n\n\n\n<div class=\"wp-block-column is-layout-flow wp-block-column-is-layout-flow\">\n<p class=\"contact__text\">Rachunek bankowy:<br>Bank Pekao SA<br>96 1240 4588 1111 0010 6082 5709<\/p>\n<\/div>\n<\/div>\n\n\n\n<div style=\"height:120px\" aria-hidden=\"true\" class=\"wp-block-spacer\"><\/div>\n\n\n\n<p class=\"has-text-align-center\">  <strong><span class=\"subheading\">POMAGAMY POMAGA\u0106<\/span><\/strong><\/p>\n\n\n\n<h2 class=\"has-text-align-center contact__heading wp-block-heading\" id=\"pomoz-nam-pomagac\">Pom\u00f3\u017c nam pomaga\u0107<\/h2>\n\n\n\n<p class=\"has-text-align-center contact__text\">Przygotowali\u015bmy t\u0119 ofert\u0119, \u017ceby pokaza\u0107 Ci w jaki spos\u00f3b mo\u017cemy pom\u00f3c sobie nawzajem. <\/p>\n\n\n\n<p class=\"has-text-align-center contact__text\">Jeste\u015bmy Organizacj\u0105 Po\u017cytku Publicznego. Dzia\u0142amy charytatywnie ju\u017c od 2013 roku, ale nie idziemy na \u0142atwizn\u0119 \u2013 zbieramy pieni\u0105dze w ramach aktywnych inicjatyw, kt\u00f3re dla uczestnik\u00f3w s\u0105 okazj\u0105 do wsp\u00f3lnej zabawy, rywalizacji, a dla Pa\u0144stwa obszarem do znakomitej promocji!<\/p>\n\n\n\n<p class=\"has-text-align-center contact__text\"><strong>Zobacz kim jeste\u015bmy i w jaki spos\u00f3b mo\u017cemy pomaga\u0107 wsp\u00f3lnie!<\/strong><\/p>\n\n\n\n<div style=\"height:30px\" aria-hidden=\"true\" class=\"wp-block-spacer\"><\/div>\n<\/div><\/div>\n\n\n\n<p><\/p>\n","protected":false},"excerpt":{"rendered":"<p>Kontakt Stowarzyszenie \u201eKrzysiek Pomaga Pomaga\u0107\u201d \u015aciejowice 176, Liszki 32-060tel. 502 715 979krzysiek@dev.yoho.pl KRS: 0000 499 667REGON: 360090688NIP: 944-224-75-70 Rachunek bankowy:Bank Pekao SA96 1240 4588 1111 0010 6082 5709 POMAGAMY POMAGA\u0106 Pom\u00f3\u017c nam pomaga\u0107 Przygotowali\u015bmy t\u0119 ofert\u0119, \u017ceby pokaza\u0107 Ci w jaki spos\u00f3b mo\u017cemy pom\u00f3c sobie nawzajem. Jeste\u015bmy Organizacj\u0105 Po\u017cytku Publicznego. Dzia\u0142amy charytatywnie ju\u017c od 2013 [&hellip;]<\/p>\n","protected":false},"author":1,"featured_media":0,"parent":0,"menu_order":31,"comment_status":"closed","ping_status":"closed","template":"","meta":{"_acf_changed":false,"footnotes":""},"class_list":["post-31","page","type-page","status-publish","hentry"],"acf":[],"_links":{"self":[{"href":"https:\/\/dev.yoho.pl\/krzysiek-pomaga\/wp-json\/wp\/v2\/pages\/31","targetHints":{"allow":["GET"]}}],"collection":[{"href":"https:\/\/dev.yoho.pl\/krzysiek-pomaga\/wp-json\/wp\/v2\/pages"}],"about":[{"href":"https:\/\/dev.yoho.pl\/krzysiek-pomaga\/wp-json\/wp\/v2\/types\/page"}],"author":[{"embeddable":true,"href":"https:\/\/dev.yoho.pl\/krzysiek-pomaga\/wp-json\/wp\/v2\/users\/1"}],"replies":[{"embeddable":true,"href":"https:\/\/dev.yoho.pl\/krzysiek-pomaga\/wp-json\/wp\/v2\/comments?post=31"}],"version-history":[{"count":33,"href":"https:\/\/dev.yoho.pl\/krzysiek-pomaga\/wp-json\/wp\/v2\/pages\/31\/revisions"}],"predecessor-version":[{"id":4370,"href":"https:\/\/dev.yoho.pl\/krzysiek-pomaga\/wp-json\/wp\/v2\/pages\/31\/revisions\/4370"}],"wp:attachment":[{"href":"https:\/\/dev.yoho.pl\/krzysiek-pomaga\/wp-json\/wp\/v2\/media?parent=31"}],"curies":[{"name":"wp","href":"https:\/\/api.w.org\/{rel}","templated":true}]}}